{"id":455,"date":"2016-09-06T18:40:42","date_gmt":"2016-09-06T17:40:42","guid":{"rendered":"http:\/\/www.latourvaucros.com\/mentions-legales-2\/"},"modified":"2016-10-05T13:46:12","modified_gmt":"2016-10-05T12:46:12","slug":"legal-notices","status":"publish","type":"page","link":"https:\/\/www.latourvaucros.com\/en\/legal-notices\/","title":{"rendered":"Legal notices"},"content":{"rendered":"<p><strong>\u00c9diteur du site<\/strong><\/p>\n<p>SAS Takamaka<br \/>\n2671, chemin de Vaucroze<br \/>\n84700\u00a0&#8211;\u00a0Sorgues<br \/>\nTel. :\u00a004 90 02 04 91<br \/>\nMail :\u00a0<a href=\"mailto:info@latourvaucros.com\">info@latourvaucros.com<\/a><\/p>\n<p><strong>Conception, d\u00e9veloppement<\/strong><\/p>\n<p><a href=\"http:\/\/www.ileanafundi.com\" target=\"_blank\">Ileana Fundi<\/a><br \/>\n<a href=\"http:\/\/www.jeremybornerand.com\" target=\"_blank\">J\u00e9r\u00e9my Bornerand<\/a><\/p>\n<p><strong>Protection des donn\u00e9es personnelles<\/strong><\/p>\n<p>Tous les \u00e9l\u00e9ments du site www.latourvaucros.com sont la propri\u00e9t\u00e9 de la soci\u00e9t\u00e9\u00a0SAS Takamaka et de ce fait prot\u00e9g\u00e9s par les dispositions du Code la Propri\u00e9t\u00e9 intellectuelle, notamment au titre du droit d\u2019auteur. Par cons\u00e9quent, toute reproduction, modification, utilisation, adaptation, incorporation, traduction, commercialisation, partielle ou int\u00e9grale des \u00e9l\u00e9ments contenus dans ce site, sans l\u2019autorisation \u00e9crite pr\u00e9alable de la soci\u00e9t\u00e9 SAS Takamaka, est interdite.<\/p>\n<p>Conform\u00e9ment \u00e0 la loi \u00ab informatique et libert\u00e9s \u00bb du 6 janvier 1978, vous pouvez \u00e0 tout moment demander \u00e0 acc\u00e9der, faire rectifier ou supprimer les informations personnelles vous concernant en \u00e9crivant \u00e0<a href=\"mailto:info@latourvaucros.com\">info@latourvaucros.com<\/a><\/p>\n<p><strong>Copyright<\/strong><\/p>\n<p>1. Le pr\u00e9sent site ainsi que l\u2019ensemble de son contenu (et notamment les photos, logos, marques et information de toute nature qui y figurent) est prot\u00e9g\u00e9 par les dispositions du Code la Propri\u00e9t\u00e9 intellectuelle, notamment au titre du droit d\u2019auteur. La soci\u00e9t\u00e9 SAS Takamaka\u00a0conc\u00e8de aux internautes une simple autorisation de visualisation qui exclut notamment la r\u00e9utilisation de tout ou partie du contenu de ce site pour quelque cause que ce soit. L\u2019autorisation de reproduction n\u2019est conc\u00e9d\u00e9e que sous forme num\u00e9rique sur l\u2019ordinateur qui sert \u00e0 la consultation du site \u00e0 des fins de visualisation des pages consult\u00e9es par le logiciel de navigation de l\u2019internaute. Tous les droits de reproduction sont r\u00e9serv\u00e9s y compris pour les documents t\u00e9l\u00e9chargeables (logos, photos, catalogues, livrets, informations de toute nature ou autre\u2026). Les documents \u00e0 t\u00e9l\u00e9charger sont \u00e9galement prot\u00e9g\u00e9s par le droit d\u2019auteur.<\/p>\n<p>2. La cr\u00e9ation d\u2019un lien hypertexte vers le site est autoris\u00e9e sans frame et exclusivement vers la page d\u2019accueil du site, sauf autorisation express pr\u00e9alable de l\u2019\u00e9diteur. L\u2019\u00e9diteur ne peut en aucun cas \u00eatre tenu pour responsable des informations diffus\u00e9es sur les sites avec lesquels des liens hypertexte auront \u00e9t\u00e9 install\u00e9s.<\/p>\n<p>3. Toute utilisation de ce site non conforme aux points ci-dessus, sauf indication contraire pr\u00e9cis\u00e9e sur le site ou autorisation express pr\u00e9alable de l\u2019\u00e9diteur, est interdite et engage la responsabilit\u00e9 exclusive de son auteur.<\/p>\n<p>4. En utilisant le pr\u00e9sent site l\u2019internaute accepte l\u2019int\u00e9gralit\u00e9 des conditions d\u2019utilisation d\u00e9taill\u00e9es ci-dessus. Tout litige r\u00e9sultant de l\u2019utilisation de ce site ou de la diffusion des informations qu\u2019il contient sera de la comp\u00e9tence exclusive des tribunaux de Marseille faisant application de la loi fran\u00e7aise.<\/p>\n","protected":false},"excerpt":{"rendered":"<p>\u00c9diteur du site SAS Takamaka 2671, chemin de Vaucroze 84700\u00a0&#8211;\u00a0Sorgues Tel. :\u00a004 90 02 04 91 Mail :\u00a0info@latourvaucros.com Conception, d\u00e9veloppement Ileana Fundi J\u00e9r\u00e9my Bornerand Protection des donn\u00e9es personnelles Tous les \u00e9l\u00e9ments du site www.latourvaucros.com sont la propri\u00e9t\u00e9 de la soci\u00e9t\u00e9\u00a0SAS Takamaka et de ce fait prot\u00e9g\u00e9s par les dispositions du Code la Propri\u00e9t\u00e9 intellectuelle, notamment &hellip; <a href=\"https:\/\/www.latourvaucros.com\/en\/legal-notices\/\" class=\"more-link\">Continue reading <span class=\"screen-reader-text\">Legal notices<\/span><\/a><\/p>\n","protected":false},"author":1,"featured_media":0,"parent":0,"menu_order":17,"comment_status":"closed","ping_status":"closed","template":"","meta":{"_acf_changed":false,"footnotes":""},"class_list":["post-455","page","type-page","status-publish","hentry"],"acf":[],"aioseo_notices":[],"_links":{"self":[{"href":"https:\/\/www.latourvaucros.com\/en\/wp-json\/wp\/v2\/pages\/455"}],"collection":[{"href":"https:\/\/www.latourvaucros.com\/en\/wp-json\/wp\/v2\/pages"}],"about":[{"href":"https:\/\/www.latourvaucros.com\/en\/wp-json\/wp\/v2\/types\/page"}],"author":[{"embeddable":true,"href":"https:\/\/www.latourvaucros.com\/en\/wp-json\/wp\/v2\/users\/1"}],"replies":[{"embeddable":true,"href":"https:\/\/www.latourvaucros.com\/en\/wp-json\/wp\/v2\/comments?post=455"}],"version-history":[{"count":5,"href":"https:\/\/www.latourvaucros.com\/en\/wp-json\/wp\/v2\/pages\/455\/revisions"}],"predecessor-version":[{"id":523,"href":"https:\/\/www.latourvaucros.com\/en\/wp-json\/wp\/v2\/pages\/455\/revisions\/523"}],"wp:attachment":[{"href":"https:\/\/www.latourvaucros.com\/en\/wp-json\/wp\/v2\/media?parent=455"}],"curies":[{"name":"wp","href":"https:\/\/api.w.org\/{rel}","templated":true}]}}